{"id":1020,"date":"2025-02-11T11:42:45","date_gmt":"2025-02-11T10:42:45","guid":{"rendered":"https:\/\/cmzielinski.pl\/?page_id=1020"},"modified":"2025-07-14T12:59:41","modified_gmt":"2025-07-14T10:59:41","slug":"punkt-pobran","status":"publish","type":"page","link":"https:\/\/cmzielinski.pl\/en\/strefa-pacjenta\/punkt-pobran\/","title":{"rendered":"Collection point"},"content":{"rendered":"<div data-elementor-type=\"wp-page\" data-elementor-id=\"1020\" class=\"elementor elementor-1020\" data-elementor-post-type=\"page\">\n\t\t\t\t<div class=\"elementor-element elementor-element-4bd6da0 e-flex e-con-boxed e-con e-parent\" data-id=\"4bd6da0\" data-element_type=\"container\" data-e-type=\"container\">\n\t\t\t\t\t<div class=\"e-con-inner\">\n\t\t\t\t<div class=\"elementor-element elementor-element-8738e91 page-title elementor-widget elementor-widget-heading\" data-id=\"8738e91\" data-element_type=\"widget\" data-e-type=\"widget\" data-widget_type=\"heading.default\">\n\t\t\t\t<div class=\"elementor-widget-container\">\n\t\t\t\t\t<h1 class=\"elementor-heading-title elementor-size-default\">Collection point<\/h1>\t\t\t\t<\/div>\n\t\t\t\t<\/div>\n\t\t\t\t<div class=\"elementor-element elementor-element-42bc3f1 text-large elementor-widget elementor-widget-text-editor\" data-id=\"42bc3f1\" data-element_type=\"widget\" data-e-type=\"widget\" data-widget_type=\"text-editor.default\">\n\t\t\t\t<div class=\"elementor-widget-container\">\n\t\t\t\t\t\t\t\t\t<p>Look after your health and get regular check-ups \u2013 it's an investment in your long-term well-being and happiness!<\/p>\t\t\t\t\t\t\t\t<\/div>\n\t\t\t\t<\/div>\n\t\t<div class=\"elementor-element elementor-element-afa8cfb e-con-full e-flex e-con e-child\" data-id=\"afa8cfb\" data-element_type=\"container\" data-e-type=\"container\">\n\t\t<div class=\"elementor-element elementor-element-7e7c36a e-con-full e-flex e-con e-child\" data-id=\"7e7c36a\" data-element_type=\"container\" data-e-type=\"container\">\n\t\t\t\t<div class=\"elementor-element elementor-element-880dae0 text-large elementor-widget elementor-widget-text-editor\" data-id=\"880dae0\" data-element_type=\"widget\" data-e-type=\"widget\" data-widget_type=\"text-editor.default\">\n\t\t\t\t<div class=\"elementor-widget-container\">\n\t\t\t\t\t\t\t\t\t<p>Jak przygotowa\u0107 si\u0119 do bada\u0144 krwi?<\/p>\t\t\t\t\t\t\t\t<\/div>\n\t\t\t\t<\/div>\n\t\t\t\t<div class=\"elementor-element elementor-element-b6e2aa5 text-large elementor-icon-list--layout-traditional elementor-list-item-link-full_width elementor-widget elementor-widget-icon-list\" data-id=\"b6e2aa5\" data-element_type=\"widget\" data-e-type=\"widget\" data-widget_type=\"icon-list.default\">\n\t\t\t\t<div class=\"elementor-widget-container\">\n\t\t\t\t\t\t\t<ul class=\"elementor-icon-list-items\">\n\t\t\t\t\t\t\t<li class=\"elementor-icon-list-item\">\n\t\t\t\t\t\t\t\t\t\t\t<span class=\"elementor-icon-list-icon\">\n\t\t\t\t\t\t\t<svg aria-hidden=\"true\" class=\"e-font-icon-svg e-fas-hamburger\" viewbox=\"0 0 512 512\" xmlns=\"http:\/\/www.w3.org\/2000\/svg\"><path d=\"M464 256H48a48 48 0 0 0 0 96h416a48 48 0 0 0 0-96zm16 128H32a16 16 0 0 0-16 16v16a64 64 0 0 0 64 64h352a64 64 0 0 0 64-64v-16a16 16 0 0 0-16-16zM58.64 224h394.72c34.57 0 54.62-43.9 34.82-75.88C448 83.2 359.55 32.1 256 32c-103.54.1-192 51.2-232.18 116.11C4 180.09 24.07 224 58.64 224zM384 112a16 16 0 1 1-16 16 16 16 0 0 1 16-16zM256 80a16 16 0 1 1-16 16 16 16 0 0 1 16-16zm-128 32a16 16 0 1 1-16 16 16 16 0 0 1 16-16z\"><\/path><\/svg>\t\t\t\t\t\t<\/span>\n\t\t\t\t\t\t\t\t\t\t<span class=\"elementor-icon-list-text\">Fast - maintain an 8-12 hour break from consuming meals.<\/span>\n\t\t\t\t\t\t\t\t\t<\/li>\n\t\t\t\t\t\t\t\t<li class=\"elementor-icon-list-item\">\n\t\t\t\t\t\t\t\t\t\t\t<span class=\"elementor-icon-list-icon\">\n\t\t\t\t\t\t\t<svg aria-hidden=\"true\" class=\"e-font-icon-svg e-fas-glass-whiskey\" viewbox=\"0 0 512 512\" xmlns=\"http:\/\/www.w3.org\/2000\/svg\"><path d=\"M480 32H32C12.5 32-2.4 49.2.3 68.5l56 356.5c4.5 31.5 31.5 54.9 63.4 54.9h273c31.8 0 58.9-23.4 63.4-54.9l55.6-356.5C514.4 49.2 499.5 32 480 32zm-37.4 64l-30 192h-313L69.4 96h373.2z\"><\/path><\/svg>\t\t\t\t\t\t<\/span>\n\t\t\t\t\t\t\t\t\t\t<span class=\"elementor-icon-list-text\">Drink water. Give up coffee and sugary drinks.<\/span>\n\t\t\t\t\t\t\t\t\t<\/li>\n\t\t\t\t\t\t\t\t<li class=\"elementor-icon-list-item\">\n\t\t\t\t\t\t\t\t\t\t\t<span class=\"elementor-icon-list-icon\">\n\t\t\t\t\t\t\t<svg aria-hidden=\"true\" class=\"e-font-icon-svg e-fas-biking\" viewbox=\"0 0 640 512\" xmlns=\"http:\/\/www.w3.org\/2000\/svg\"><path d=\"M400 96a48 48 0 1 0-48-48 48 48 0 0 0 48 48zm-4 121a31.9 31.9 0 0 0 20 7h64a32 32 0 0 0 0-64h-52.78L356 103a31.94 31.94 0 0 0-40.81.68l-112 96a32 32 0 0 0 3.08 50.92L288 305.12V416a32 32 0 0 0 64 0V288a32 32 0 0 0-14.25-26.62l-41.36-27.57 58.25-49.92zm116 39a128 128 0 1 0 128 128 128 128 0 0 0-128-128zm0 192a64 64 0 1 1 64-64 64 64 0 0 1-64 64zM128 256a128 128 0 1 0 128 128 128 128 0 0 0-128-128zm0 192a64 64 0 1 1 64-64 64 64 0 0 1-64 64z\"><\/path><\/svg>\t\t\t\t\t\t<\/span>\n\t\t\t\t\t\t\t\t\t\t<span class=\"elementor-icon-list-text\">For two days before the examination, refrain from strenuous physical activity.<\/span>\n\t\t\t\t\t\t\t\t\t<\/li>\n\t\t\t\t\t\t\t\t<li class=\"elementor-icon-list-item\">\n\t\t\t\t\t\t\t\t\t\t\t<span class=\"elementor-icon-list-icon\">\n\t\t\t\t\t\t\t<svg aria-hidden=\"true\" class=\"e-font-icon-svg e-fas-bed\" viewbox=\"0 0 640 512\" xmlns=\"http:\/\/www.w3.org\/2000\/svg\"><path d=\"M176 256c44.11 0 80-35.89 80-80s-35.89-80-80-80-80 35.89-80 80 35.89 80 80 80zm352-128H304c-8.84 0-16 7.16-16 16v144H64V80c0-8.84-7.16-16-16-16H16C7.16 64 0 71.16 0 80v352c0 8.84 7.16 16 16 16h32c8.84 0 16-7.16 16-16v-48h512v48c0 8.84 7.16 16 16 16h32c8.84 0 16-7.16 16-16V240c0-61.86-50.14-112-112-112z\"><\/path><\/svg>\t\t\t\t\t\t<\/span>\n\t\t\t\t\t\t\t\t\t\t<span class=\"elementor-icon-list-text\">Get a good night's sleep and relax before the examination.<\/span>\n\t\t\t\t\t\t\t\t\t<\/li>\n\t\t\t\t\t\t\t\t<li class=\"elementor-icon-list-item\">\n\t\t\t\t\t\t\t\t\t\t\t<span class=\"elementor-icon-list-icon\">\n\t\t\t\t\t\t\t<svg aria-hidden=\"true\" class=\"e-font-icon-svg e-fas-pills\" viewbox=\"0 0 576 512\" xmlns=\"http:\/\/www.w3.org\/2000\/svg\"><path d=\"M112 32C50.1 32 0 82.1 0 144v224c0 61.9 50.1 112 112 112s112-50.1 112-112V144c0-61.9-50.1-112-112-112zm48 224H64V144c0-26.5 21.5-48 48-48s48 21.5 48 48v112zm139.7-29.7c-3.5-3.5-9.4-3.1-12.3.8-45.3 62.5-40.4 150.1 15.9 206.4 56.3 56.3 143.9 61.2 206.4 15.9 4-2.9 4.3-8.8.8-12.3L299.7 226.3zm229.8-19c-56.3-56.3-143.9-61.2-206.4-15.9-4 2.9-4.3 8.8-.8 12.3l210.8 210.8c3.5 3.5 9.4 3.1 12.3-.8 45.3-62.6 40.5-150.1-15.9-206.4z\"><\/path><\/svg>\t\t\t\t\t\t<\/span>\n\t\t\t\t\t\t\t\t\t\t<span class=\"elementor-icon-list-text\">Take medicines as previously advised.<\/span>\n\t\t\t\t\t\t\t\t\t<\/li>\n\t\t\t\t\t\t\t\t<li class=\"elementor-icon-list-item\">\n\t\t\t\t\t\t\t\t\t\t\t<span class=\"elementor-icon-list-icon\">\n\t\t\t\t\t\t\t<svg aria-hidden=\"true\" class=\"e-font-icon-svg e-fas-wine-glass-alt\" viewbox=\"0 0 288 512\" xmlns=\"http:\/\/www.w3.org\/2000\/svg\"><path d=\"M216 464h-40V346.81c68.47-15.89 118.05-79.91 111.4-154.16l-15.95-178.1C270.71 6.31 263.9 0 255.74 0H32.26c-8.15 0-14.97 6.31-15.7 14.55L.6 192.66C-6.05 266.91 43.53 330.93 112 346.82V464H72c-22.09 0-40 17.91-40 40 0 4.42 3.58 8 8 8h208c4.42 0 8-3.58 8-8 0-22.09-17.91-40-40-40zM61.75 48h164.5l7.17 80H54.58l7.17-80z\"><\/path><\/svg>\t\t\t\t\t\t<\/span>\n\t\t\t\t\t\t\t\t\t\t<span class=\"elementor-icon-list-text\">Refrain from alcohol for at least 2 days before the test.<\/span>\n\t\t\t\t\t\t\t\t\t<\/li>\n\t\t\t\t\t\t\t\t<li class=\"elementor-icon-list-item\">\n\t\t\t\t\t\t\t\t\t\t\t<span class=\"elementor-icon-list-icon\">\n\t\t\t\t\t\t\t<svg aria-hidden=\"true\" class=\"e-font-icon-svg e-fas-smoking\" viewbox=\"0 0 640 512\" xmlns=\"http:\/\/www.w3.org\/2000\/svg\"><path d=\"M632 352h-48c-4.4 0-8 3.6-8 8v144c0 4.4 3.6 8 8 8h48c4.4 0 8-3.6 8-8V360c0-4.4-3.6-8-8-8zM553.3 87.1c-5.7-3.8-9.3-10-9.3-16.8V8c0-4.4-3.6-8-8-8h-48c-4.4 0-8 3.6-8 8v62.3c0 22 10.2 43.4 28.6 55.4 42.2 27.3 67.4 73.8 67.4 124V280c0 4.4 3.6 8 8 8h48c4.4 0 8-3.6 8-8v-30.3c0-65.5-32.4-126.2-86.7-162.6zM432 352H48c-26.5 0-48 21.5-48 48v64c0 26.5 21.5 48 48 48h384c8.8 0 16-7.2 16-16V368c0-8.8-7.2-16-16-16zm-32 112H224v-64h176v64zm87.7-322.4C463.8 125 448 99.3 448 70.3V8c0-4.4-3.6-8-8-8h-48c-4.4 0-8 3.6-8 8v66.4c0 43.7 24.6 81.6 60.3 106.7 22.4 15.7 35.7 41.2 35.7 68.6V280c0 4.4 3.6 8 8 8h48c4.4 0 8-3.6 8-8v-30.3c0-43.3-21-83.4-56.3-108.1zM536 352h-48c-4.4 0-8 3.6-8 8v144c0 4.4 3.6 8 8 8h48c4.4 0 8-3.6 8-8V360c0-4.4-3.6-8-8-8z\"><\/path><\/svg>\t\t\t\t\t\t<\/span>\n\t\t\t\t\t\t\t\t\t\t<span class=\"elementor-icon-list-text\">Do not smoke cigarettes before the examination.<\/span>\n\t\t\t\t\t\t\t\t\t<\/li>\n\t\t\t\t\t\t<\/ul>\n\t\t\t\t\t\t<\/div>\n\t\t\t\t<\/div>\n\t\t\t\t<\/div>\n\t\t<div class=\"elementor-element elementor-element-d82e309 e-con-full e-flex e-con e-child\" data-id=\"d82e309\" data-element_type=\"container\" data-e-type=\"container\" data-settings=\"{&quot;background_background&quot;:&quot;classic&quot;}\">\n\t\t\t\t<div class=\"elementor-element elementor-element-ef30c91 elementor-widget elementor-widget-image\" data-id=\"ef30c91\" data-element_type=\"widget\" data-e-type=\"widget\" data-widget_type=\"image.default\">\n\t\t\t\t<div class=\"elementor-widget-container\">\n\t\t\t\t\t\t\t\t\t\t\t\t\t\t\t<img fetchpriority=\"high\" decoding=\"async\" width=\"1080\" height=\"1080\" src=\"https:\/\/cmzielinski.pl\/wp-content\/uploads\/2025\/02\/Punkt-pobran.jpg\" class=\"attachment-large size-large wp-image-1023\" alt=\"\" srcset=\"https:\/\/cmzielinski.pl\/wp-content\/uploads\/2025\/02\/Punkt-pobran.jpg 1080w, https:\/\/cmzielinski.pl\/wp-content\/uploads\/2025\/02\/Punkt-pobran-420x420.jpg 420w, https:\/\/cmzielinski.pl\/wp-content\/uploads\/2025\/02\/Punkt-pobran-360x360.jpg 360w, https:\/\/cmzielinski.pl\/wp-content\/uploads\/2025\/02\/Punkt-pobran-768x768.jpg 768w, https:\/\/cmzielinski.pl\/wp-content\/uploads\/2025\/02\/Punkt-pobran-12x12.jpg 12w\" sizes=\"(max-width: 1080px) 100vw, 1080px\" \/>\t\t\t\t\t\t\t\t\t\t\t\t\t\t\t<\/div>\n\t\t\t\t<\/div>\n\t\t\t\t<\/div>\n\t\t\t\t<\/div>\n\t\t\t\t\t<\/div>\n\t\t\t\t<\/div>\n\t\t\t\t<\/div>","protected":false},"excerpt":{"rendered":"<p>Punkt pobra\u0144 Dbaj o swoje zdrowie i wykonuj badania regularnie \u2013 to inwestycja w Twoje d\u0142ugoterminowe dobro i samopoczucie! Jak [&hellip;]<\/p>\n","protected":false},"author":4,"featured_media":0,"parent":573,"menu_order":0,"comment_status":"closed","ping_status":"closed","template":"","meta":{"site-sidebar-layout":"no-sidebar","site-content-layout":"","ast-site-content-layout":"full-width-container","site-content-style":"default","site-sidebar-style":"default","ast-global-header-display":"","ast-banner-title-visibility":"","ast-main-header-display":"","ast-hfb-above-header-display":"","ast-hfb-below-header-display":"","ast-hfb-mobile-header-display":"","site-post-title":"disabled","ast-breadcrumbs-content":"","ast-featured-img":"disabled","footer-sml-layout":"","ast-disable-related-posts":"","theme-transparent-header-meta":"","adv-header-id-meta":"","stick-header-meta":"","header-above-stick-meta":"","header-main-stick-meta":"","header-below-stick-meta":"","astra-migrate-meta-layouts":"default","ast-page-background-enabled":"default","ast-page-background-meta":{"desktop":{"background-color":"var(--ast-global-color-4)","background-image":"","background-repeat":"repeat","background-position":"center center","background-size":"auto","background-attachment":"scroll","background-type":"","background-media":"","overlay-type":"","overlay-color":"","overlay-opacity":"","overlay-gradient":""},"tablet":{"background-color":"","background-image":"","background-repeat":"repeat","background-position":"center center","background-size":"auto","background-attachment":"scroll","background-type":"","background-media":"","overlay-type":"","overlay-color":"","overlay-opacity":"","overlay-gradient":""},"mobile":{"background-color":"","background-image":"","background-repeat":"repeat","background-position":"center center","background-size":"auto","background-attachment":"scroll","background-type":"","background-media":"","overlay-type":"","overlay-color":"","overlay-opacity":"","overlay-gradient":""}},"ast-content-background-meta":{"desktop":{"background-color":"var(--ast-global-color-5)","background-image":"","background-repeat":"repeat","background-position":"center center","background-size":"auto","background-attachment":"scroll","background-type":"","background-media":"","overlay-type":"","overlay-color":"","overlay-opacity":"","overlay-gradient":""},"tablet":{"background-color":"var(--ast-global-color-5)","background-image":"","background-repeat":"repeat","background-position":"center center","background-size":"auto","background-attachment":"scroll","background-type":"","background-media":"","overlay-type":"","overlay-color":"","overlay-opacity":"","overlay-gradient":""},"mobile":{"background-color":"var(--ast-global-color-5)","background-image":"","background-repeat":"repeat","background-position":"center center","background-size":"auto","background-attachment":"scroll","background-type":"","background-media":"","overlay-type":"","overlay-color":"","overlay-opacity":"","overlay-gradient":""}},"footnotes":""},"class_list":["post-1020","page","type-page","status-publish","hentry"],"_links":{"self":[{"href":"https:\/\/cmzielinski.pl\/en\/wp-json\/wp\/v2\/pages\/1020","targetHints":{"allow":["GET"]}}],"collection":[{"href":"https:\/\/cmzielinski.pl\/en\/wp-json\/wp\/v2\/pages"}],"about":[{"href":"https:\/\/cmzielinski.pl\/en\/wp-json\/wp\/v2\/types\/page"}],"author":[{"embeddable":true,"href":"https:\/\/cmzielinski.pl\/en\/wp-json\/wp\/v2\/users\/4"}],"replies":[{"embeddable":true,"href":"https:\/\/cmzielinski.pl\/en\/wp-json\/wp\/v2\/comments?post=1020"}],"version-history":[{"count":0,"href":"https:\/\/cmzielinski.pl\/en\/wp-json\/wp\/v2\/pages\/1020\/revisions"}],"up":[{"embeddable":true,"href":"https:\/\/cmzielinski.pl\/en\/wp-json\/wp\/v2\/pages\/573"}],"wp:attachment":[{"href":"https:\/\/cmzielinski.pl\/en\/wp-json\/wp\/v2\/media?parent=1020"}],"curies":[{"name":"wp","href":"https:\/\/api.w.org\/{rel}","templated":true}]}}